{"id":650,"date":"2023-12-18T20:45:17","date_gmt":"2023-12-19T01:45:17","guid":{"rendered":"https:\/\/tadushi.com\/?post_type=product&#038;p=650"},"modified":"2025-01-16T00:29:17","modified_gmt":"2025-01-16T05:29:17","slug":"vestido-tank-de-muslo-con-abertura","status":"publish","type":"product","link":"https:\/\/tadushi.com\/index.php\/producto\/vestido-tank-de-muslo-con-abertura\/","title":{"rendered":"Vestido tank de muslo con abertura"},"content":{"rendered":"<div class=\"product-intro__description-table-item\" tabindex=\"0\" role=\"text\">\n<div class=\"key\">Color: Negro<\/div>\n<div class=\"key\">Estilo: Casual<\/div>\n<div class=\"key\">Tipo de Estampado: Liso<\/div>\n<div class=\"key\">Detalles: Partici\u00f3n, Canal\u00e9<\/div>\n<div class=\"key\">Escote: escote cuadrado<\/div>\n<div class=\"key\">Longitud de la Manga: sin mangas<\/div>\n<div class=\"key\">Tipo: Tank<\/div>\n<div class=\"key\">L\u00ednea del Talle de la Cintura: Natural<\/div>\n<div class=\"key\">Corte del bajo: Abertura<\/div>\n<div class=\"key\">Longitud: midi<\/div>\n<div class=\"key\">Tipo de ajuste: Regular<\/div>\n<div class=\"key\">Tejido: Estiramiento medio<\/div>\n<div class=\"key\">Material: Tela tejida<\/div>\n<div class=\"key\">Composici\u00f3n: 96% Poli\u00e9ster, 4% Elastano<\/div>\n<div class=\"key\">Instrucciones de Cuidado: lavadora o limpieza en seco profesional<\/div>\n<div class=\"key\">Transparente: No<\/div>\n<\/div>\n<div class=\"product-intro__description-table-item\" tabindex=\"0\" role=\"text\">\n<div>\n<table class=\"j-cm-table\" cellspacing=\"0\" cellpadding=\"0\" data-v-39109c3c=\"\">\n<tbody>\n<tr class=\"cm-inch common-sizetable__table-tr trhead\" data-v-39109c3c=\"\">\n<td data-v-39109c3c=\"\">Talla<\/td>\n<td class=\"\" data-v-39109c3c=\"\">Contorno caderas<\/td>\n<td class=\"\" data-v-39109c3c=\"\">Contorno cintura<\/td>\n<td class=\"\" data-v-39109c3c=\"\">Hombro<\/td>\n<td class=\"\" data-v-39109c3c=\"\">Largo<\/td>\n<td class=\"col-highlight\" data-v-39109c3c=\"\">Pecho<\/td>\n<\/tr>\n<tr class=\"common-sizetable__table-tr\" data-v-39109c3c=\"\">\n<td tabindex=\"0\" aria-label=\"Talla:Petite XXS\" data-v-39109c3c=\"\">Petite XXS<\/td>\n<td class=\"\" tabindex=\"0\" aria-label=\"Contorno caderas :75\" data-v-39109c3c=\"\">75<\/td>\n<td class=\"\" tabindex=\"0\" aria-label=\"Contorno cintura :54\" data-v-39109c3c=\"\">54<\/td>\n<td class=\"\" tabindex=\"0\" aria-label=\"Hombro :28\" data-v-39109c3c=\"\">28<\/td>\n<td class=\"\" tabindex=\"0\" aria-label=\"Largo :100\" data-v-39109c3c=\"\">100<\/td>\n<td class=\"col-highlight\" tabindex=\"0\" aria-label=\"Pecho :65\" data-v-39109c3c=\"\">65<\/td>\n<\/tr>\n<tr class=\"common-sizetable__table-tr\" data-v-39109c3c=\"\">\n<td tabindex=\"0\" aria-label=\"Talla:Petite XS\" data-v-39109c3c=\"\">Petite XS<\/td>\n<td class=\"\" tabindex=\"0\" aria-label=\"Contorno caderas :79\" data-v-39109c3c=\"\">79<\/td>\n<td class=\"\" tabindex=\"0\" aria-label=\"Contorno cintura :58\" data-v-39109c3c=\"\">58<\/td>\n<td class=\"\" tabindex=\"0\" aria-label=\"Hombro :29\" data-v-39109c3c=\"\">29<\/td>\n<td class=\"\" tabindex=\"0\" aria-label=\"Largo :102\" data-v-39109c3c=\"\">102<\/td>\n<td class=\"col-highlight\" tabindex=\"0\" aria-label=\"Pecho :69\" data-v-39109c3c=\"\">69<\/td>\n<\/tr>\n<tr class=\"common-sizetable__table-tr\" data-v-39109c3c=\"\">\n<td tabindex=\"0\" aria-label=\"Talla:Petite S\" data-v-39109c3c=\"\">Petite S<\/td>\n<td class=\"\" tabindex=\"0\" aria-label=\"Contorno caderas :83\" data-v-39109c3c=\"\">83<\/td>\n<td class=\"\" tabindex=\"0\" aria-label=\"Contorno cintura :62\" data-v-39109c3c=\"\">62<\/td>\n<td class=\"\" tabindex=\"0\" aria-label=\"Hombro :30\" data-v-39109c3c=\"\">30<\/td>\n<td class=\"\" tabindex=\"0\" aria-label=\"Largo :104\" data-v-39109c3c=\"\">104<\/td>\n<td class=\"col-highlight\" tabindex=\"0\" aria-label=\"Pecho :73\" data-v-39109c3c=\"\">73<\/td>\n<\/tr>\n<tr class=\"common-sizetable__table-tr\" data-v-39109c3c=\"\">\n<td tabindex=\"0\" aria-label=\"Talla:Petite M\" data-v-39109c3c=\"\">Petite M<\/td>\n<td tabindex=\"0\" aria-label=\"Contorno caderas :87\" data-v-39109c3c=\"\">87<\/td>\n<td class=\"\" tabindex=\"0\" aria-label=\"Contorno cintura :66\" data-v-39109c3c=\"\">66<\/td>\n<td class=\"\" tabindex=\"0\" aria-label=\"Hombro :31\" data-v-39109c3c=\"\">31<\/td>\n<td class=\"\" tabindex=\"0\" aria-label=\"Largo :106\" data-v-39109c3c=\"\">106<\/td>\n<td class=\"col-highlight\" tabindex=\"0\" aria-label=\"Pecho :77\" data-v-39109c3c=\"\">77<\/td>\n<\/tr>\n<tr class=\"common-sizetable__table-tr\" data-v-39109c3c=\"\">\n<td tabindex=\"0\" aria-label=\"Talla:Petite L\" data-v-39109c3c=\"\">Petite L<\/td>\n<td tabindex=\"0\" aria-label=\"Contorno caderas :91\" data-v-39109c3c=\"\">91<\/td>\n<td tabindex=\"0\" aria-label=\"Contorno cintura :70\" data-v-39109c3c=\"\">70<\/td>\n<td tabindex=\"0\" aria-label=\"Hombro :32\" data-v-39109c3c=\"\">32<\/td>\n<td class=\"\" tabindex=\"0\" aria-label=\"Largo :108\" data-v-39109c3c=\"\">108<\/td>\n<td class=\"col-highlight\" tabindex=\"0\" aria-label=\"Pecho :81\" data-v-39109c3c=\"\">81<\/td>\n<\/tr>\n<\/tbody>\n<\/table>\n<\/div>\n<\/div>\n","protected":false},"excerpt":{"rendered":"<p>Una opci\u00f3n seductora y elegante para destacar tu estilo. Con su dise\u00f1o favorecedor y una abertura que a\u00f1ade un toque atrevido, este vestido te har\u00e1 lucir deslumbrante en cualquier ocasi\u00f3n.<\/p>\n","protected":false},"featured_media":651,"comment_status":"open","ping_status":"closed","template":"","meta":[],"product_brand":[],"product_cat":[31,32],"product_tag":[],"class_list":{"0":"post-650","1":"product","2":"type-product","3":"status-publish","4":"has-post-thumbnail","6":"product_cat-vestidos","7":"product_cat-vestidos-con-abertura","9":"first","10":"instock","11":"sale","12":"shipping-taxable","13":"purchasable","14":"product-type-variable","15":"has-default-attributes"},"aioseo_notices":[],"jetpack_sharing_enabled":true,"_links":{"self":[{"href":"https:\/\/tadushi.com\/index.php\/wp-json\/wp\/v2\/product\/650","targetHints":{"allow":["GET"]}}],"collection":[{"href":"https:\/\/tadushi.com\/index.php\/wp-json\/wp\/v2\/product"}],"about":[{"href":"https:\/\/tadushi.com\/index.php\/wp-json\/wp\/v2\/types\/product"}],"replies":[{"embeddable":true,"href":"https:\/\/tadushi.com\/index.php\/wp-json\/wp\/v2\/comments?post=650"}],"wp:featuredmedia":[{"embeddable":true,"href":"https:\/\/tadushi.com\/index.php\/wp-json\/wp\/v2\/media\/651"}],"wp:attachment":[{"href":"https:\/\/tadushi.com\/index.php\/wp-json\/wp\/v2\/media?parent=650"}],"wp:term":[{"taxonomy":"product_brand","embeddable":true,"href":"https:\/\/tadushi.com\/index.php\/wp-json\/wp\/v2\/product_brand?post=650"},{"taxonomy":"product_cat","embeddable":true,"href":"https:\/\/tadushi.com\/index.php\/wp-json\/wp\/v2\/product_cat?post=650"},{"taxonomy":"product_tag","embeddable":true,"href":"https:\/\/tadushi.com\/index.php\/wp-json\/wp\/v2\/product_tag?post=650"}],"curies":[{"name":"wp","href":"https:\/\/api.w.org\/{rel}","templated":true}]}}