{"id":774,"date":"2024-03-29T14:08:33","date_gmt":"2024-03-29T19:08:33","guid":{"rendered":"https:\/\/tadushi.com\/?post_type=product&#038;p=774"},"modified":"2024-04-03T18:38:52","modified_gmt":"2024-04-03T23:38:52","slug":"vestido-girante-delantero-de-cuello-halter-de-cintura-con-abertura-bajo-sirena","status":"publish","type":"product","link":"https:\/\/tadushi.com\/index.php\/producto\/vestido-girante-delantero-de-cuello-halter-de-cintura-con-abertura-bajo-sirena\/","title":{"rendered":"Vestido girante delantero de cuello halter de cintura con abertura bajo sirena"},"content":{"rendered":"<div class=\"product-intro__description-table-item\" tabindex=\"0\" role=\"text\">\n<div class=\"key\">Color: Blanco<\/div>\n<div class=\"key\">Estilo: Elegante<\/div>\n<div class=\"key\">Tipo de Estampado: Liso<\/div>\n<div class=\"key\">Detalles: Abertura, Pliegos<\/div>\n<div class=\"key\">Escote: Halter<\/div>\n<div class=\"key\">Longitud de la Manga: manga larga<\/div>\n<div class=\"key\">Tipo: Ajustado<\/div>\n<div class=\"key\">Tipos de Manga: Manga normal<\/div>\n<div class=\"key\">Corte del bajo: Sirena<\/div>\n<div class=\"key\">Longitud: Largo<\/div>\n<div class=\"key\">Tipo de ajuste: Regular<\/div>\n<div class=\"key\">Tejido: El\u00e1stico Ligero<\/div>\n<div class=\"key\">Material: Tela<\/div>\n<div class=\"key\">Composici\u00f3n: 95% Poli\u00e9ster, 5% Elastano<\/div>\n<div class=\"key\">Instrucciones de Cuidado: lavadora o limpieza en seco profesional<\/div>\n<div class=\"key\">Transparente: No<\/div>\n<\/div>\n<div>\n<table class=\"j-cm-table\" cellspacing=\"0\" cellpadding=\"0\" data-v-39109c3c=\"\">\n<tbody>\n<tr class=\"cm-inch common-sizetable__table-tr trhead\" data-v-39109c3c=\"\">\n<td data-v-39109c3c=\"\">Talla<\/td>\n<td class=\"\" data-v-39109c3c=\"\">Contorno caderas<\/td>\n<td class=\"\" data-v-39109c3c=\"\">Contorno cintura<\/td>\n<td class=\"\" data-v-39109c3c=\"\">Largo<\/td>\n<td class=\"\" data-v-39109c3c=\"\">Largo de la manga<\/td>\n<td data-v-39109c3c=\"\">Pecho<\/td>\n<td class=\"\" data-v-39109c3c=\"\">contorno b\u00edceps<\/td>\n<td class=\"col-highlight\" data-v-39109c3c=\"\">pu\u00f1o<\/td>\n<\/tr>\n<tr class=\"common-sizetable__table-tr\" data-v-39109c3c=\"\">\n<td tabindex=\"0\" aria-label=\"Talla:XS\" data-v-39109c3c=\"\">XS<\/td>\n<td class=\"\" tabindex=\"0\" aria-label=\"Contorno caderas :80\" data-v-39109c3c=\"\">80<\/td>\n<td tabindex=\"0\" aria-label=\"Contorno cintura :61\" data-v-39109c3c=\"\">61<\/td>\n<td class=\"\" tabindex=\"0\" aria-label=\"Largo :127\" data-v-39109c3c=\"\">127<\/td>\n<td class=\"\" tabindex=\"0\" aria-label=\"Largo de la manga :51\" data-v-39109c3c=\"\">51<\/td>\n<td tabindex=\"0\" aria-label=\"Pecho :79\" data-v-39109c3c=\"\">79<\/td>\n<td class=\"\" tabindex=\"0\" aria-label=\"contorno b\u00edceps :28.6\" data-v-39109c3c=\"\">28.6<\/td>\n<td class=\"col-highlight\" tabindex=\"0\" aria-label=\"pu\u00f1o :17\" data-v-39109c3c=\"\">17<\/td>\n<\/tr>\n<tr class=\"common-sizetable__table-tr\" data-v-39109c3c=\"\">\n<td tabindex=\"0\" aria-label=\"Talla:S\" data-v-39109c3c=\"\">S<\/td>\n<td tabindex=\"0\" aria-label=\"Contorno caderas :84\" data-v-39109c3c=\"\">84<\/td>\n<td tabindex=\"0\" aria-label=\"Contorno cintura :65\" data-v-39109c3c=\"\">65<\/td>\n<td tabindex=\"0\" aria-label=\"Largo :128\" data-v-39109c3c=\"\">128<\/td>\n<td tabindex=\"0\" aria-label=\"Largo de la manga :52\" data-v-39109c3c=\"\">52<\/td>\n<td tabindex=\"0\" aria-label=\"Pecho :83\" data-v-39109c3c=\"\">83<\/td>\n<td class=\"\" tabindex=\"0\" aria-label=\"contorno b\u00edceps :30\" data-v-39109c3c=\"\">30<\/td>\n<td class=\"col-highlight\" tabindex=\"0\" aria-label=\"pu\u00f1o :18\" data-v-39109c3c=\"\">18<\/td>\n<\/tr>\n<tr class=\"common-sizetable__table-tr\" data-v-39109c3c=\"\">\n<td tabindex=\"0\" aria-label=\"Talla:M\" data-v-39109c3c=\"\">M<\/td>\n<td tabindex=\"0\" aria-label=\"Contorno caderas :88\" data-v-39109c3c=\"\">88<\/td>\n<td tabindex=\"0\" aria-label=\"Contorno cintura :69\" data-v-39109c3c=\"\">69<\/td>\n<td tabindex=\"0\" aria-label=\"Largo :129\" data-v-39109c3c=\"\">129<\/td>\n<td tabindex=\"0\" aria-label=\"Largo de la manga :53\" data-v-39109c3c=\"\">53<\/td>\n<td tabindex=\"0\" aria-label=\"Pecho :87\" data-v-39109c3c=\"\">87<\/td>\n<td tabindex=\"0\" aria-label=\"contorno b\u00edceps :31.4\" data-v-39109c3c=\"\">31.4<\/td>\n<td class=\"col-highlight\" tabindex=\"0\" aria-label=\"pu\u00f1o :19\" data-v-39109c3c=\"\">19<\/td>\n<\/tr>\n<tr class=\"common-sizetable__table-tr\" data-v-39109c3c=\"\">\n<td tabindex=\"0\" aria-label=\"Talla:L\" data-v-39109c3c=\"\">L<\/td>\n<td tabindex=\"0\" aria-label=\"Contorno caderas :94\" data-v-39109c3c=\"\">94<\/td>\n<td tabindex=\"0\" aria-label=\"Contorno cintura :75\" data-v-39109c3c=\"\">75<\/td>\n<td tabindex=\"0\" aria-label=\"Largo :130\" data-v-39109c3c=\"\">130<\/td>\n<td tabindex=\"0\" aria-label=\"Largo de la manga :54\" data-v-39109c3c=\"\">54<\/td>\n<td tabindex=\"0\" aria-label=\"Pecho :93\" data-v-39109c3c=\"\">93<\/td>\n<td tabindex=\"0\" aria-label=\"contorno b\u00edceps :33.6\" data-v-39109c3c=\"\">33.6<\/td>\n<td class=\"col-highlight\" tabindex=\"0\" aria-label=\"pu\u00f1o :20.5\" data-v-39109c3c=\"\">20.5<\/td>\n<\/tr>\n<\/tbody>\n<\/table>\n<\/div>\n","protected":false},"excerpt":{"rendered":"<p>El vestido girante delantero de cuello halter de cintura con abertura bajo sirena es una fusi\u00f3n de elegancia y sensualidad. Con su dise\u00f1o halter y abertura, realza tu figura con estilo \u00fanico.<\/p>\n","protected":false},"featured_media":831,"comment_status":"open","ping_status":"closed","template":"","meta":[],"product_brand":[],"product_cat":[33,31],"product_tag":[],"class_list":{"0":"post-774","1":"product","2":"type-product","3":"status-publish","4":"has-post-thumbnail","6":"product_cat-vestido-largo","7":"product_cat-vestidos","9":"first","10":"instock","11":"sale","12":"shipping-taxable","13":"purchasable","14":"product-type-variable"},"aioseo_notices":[],"jetpack_sharing_enabled":true,"_links":{"self":[{"href":"https:\/\/tadushi.com\/index.php\/wp-json\/wp\/v2\/product\/774","targetHints":{"allow":["GET"]}}],"collection":[{"href":"https:\/\/tadushi.com\/index.php\/wp-json\/wp\/v2\/product"}],"about":[{"href":"https:\/\/tadushi.com\/index.php\/wp-json\/wp\/v2\/types\/product"}],"replies":[{"embeddable":true,"href":"https:\/\/tadushi.com\/index.php\/wp-json\/wp\/v2\/comments?post=774"}],"wp:featuredmedia":[{"embeddable":true,"href":"https:\/\/tadushi.com\/index.php\/wp-json\/wp\/v2\/media\/831"}],"wp:attachment":[{"href":"https:\/\/tadushi.com\/index.php\/wp-json\/wp\/v2\/media?parent=774"}],"wp:term":[{"taxonomy":"product_brand","embeddable":true,"href":"https:\/\/tadushi.com\/index.php\/wp-json\/wp\/v2\/product_brand?post=774"},{"taxonomy":"product_cat","embeddable":true,"href":"https:\/\/tadushi.com\/index.php\/wp-json\/wp\/v2\/product_cat?post=774"},{"taxonomy":"product_tag","embeddable":true,"href":"https:\/\/tadushi.com\/index.php\/wp-json\/wp\/v2\/product_tag?post=774"}],"curies":[{"name":"wp","href":"https:\/\/api.w.org\/{rel}","templated":true}]}}