{"id":775,"date":"2024-03-29T14:12:40","date_gmt":"2024-03-29T19:12:40","guid":{"rendered":"https:\/\/tadushi.com\/?post_type=product&#038;p=775"},"modified":"2024-04-13T13:41:27","modified_gmt":"2024-04-13T18:41:27","slug":"vestido-de-cintura-con-cordon-con-cremallera-delantera","status":"publish","type":"product","link":"https:\/\/tadushi.com\/index.php\/producto\/vestido-de-cintura-con-cordon-con-cremallera-delantera\/","title":{"rendered":"Vestido de cintura con cord\u00f3n con cremallera delantera"},"content":{"rendered":"<div class=\"product-intro__description-table-item\" tabindex=\"0\" role=\"text\">\n<div class=\"key\">Color: Caqui<\/div>\n<div class=\"key\">Estilo: Casual<\/div>\n<div class=\"key\">Tipo de Estampado: Liso<\/div>\n<div class=\"key\">Detalles: Cord\u00f3n, Cremallera<\/div>\n<div class=\"key\">Escote: Cuello Camisero<\/div>\n<div class=\"key\">Longitud de la Manga: manga corta<\/div>\n<div class=\"key\">Tipo: A l\u00ednea<\/div>\n<div class=\"key\">Forrado Para Aportar Calidez: No<\/div>\n<div class=\"key\">Tipos de Manga: Hombros ca\u00eddos<\/div>\n<div class=\"key\">L\u00ednea del Talle de la Cintura: Talle alto<\/div>\n<div class=\"key\">Corte del bajo: Campana<\/div>\n<div class=\"key\">Longitud: Largo<\/div>\n<div class=\"key\">Tipo de ajuste: Regular<\/div>\n<div class=\"key\">Tejido: No-El\u00e1stico<\/div>\n<div class=\"key\">Material: Tela tricotada<\/div>\n<div class=\"key\">Composici\u00f3n: 100% Poli\u00e9ster<\/div>\n<div class=\"key\">Instrucciones de Cuidado: lavadora o limpieza en seco profesional<\/div>\n<div class=\"key\">Bolsillo: S\u00ed<\/div>\n<div class=\"key\">Forro: Sin Forro<\/div>\n<div class=\"key\">Relleno Sujetador: Sin Almohadillas<\/div>\n<div class=\"key\">Transparente: No<\/div>\n<\/div>\n<div>\n<table class=\"j-cm-table\" cellspacing=\"0\" cellpadding=\"0\" data-v-39109c3c=\"\">\n<tbody>\n<tr class=\"cm-inch common-sizetable__table-tr trhead\" data-v-39109c3c=\"\">\n<td data-v-39109c3c=\"\">Talla<\/td>\n<td class=\"\" data-v-39109c3c=\"\">Contorno cintura<\/td>\n<td class=\"\" data-v-39109c3c=\"\">Hombro<\/td>\n<td class=\"\" data-v-39109c3c=\"\">Largo de la manga<\/td>\n<td class=\"\" data-v-39109c3c=\"\">Pecho<\/td>\n<td class=\"col-highlight\" data-v-39109c3c=\"\">pu\u00f1o<\/td>\n<\/tr>\n<tr class=\"common-sizetable__table-tr\" data-v-39109c3c=\"\">\n<td tabindex=\"0\" aria-label=\"Talla:XS\" data-v-39109c3c=\"\">XS<\/td>\n<td class=\"\" tabindex=\"0\" aria-label=\"Contorno cintura :98\" data-v-39109c3c=\"\">98<\/td>\n<td class=\"\" tabindex=\"0\" aria-label=\"Hombro :58\" data-v-39109c3c=\"\">58<\/td>\n<td class=\"\" tabindex=\"0\" aria-label=\"Largo de la manga :12.5\" data-v-39109c3c=\"\">12.5<\/td>\n<td class=\"\" tabindex=\"0\" aria-label=\"Pecho :102\" data-v-39109c3c=\"\">102<\/td>\n<td class=\"col-highlight\" tabindex=\"0\" aria-label=\"pu\u00f1o :29.6\" data-v-39109c3c=\"\">29.6<\/td>\n<\/tr>\n<tr class=\"common-sizetable__table-tr\" data-v-39109c3c=\"\">\n<td tabindex=\"0\" aria-label=\"Talla:S\" data-v-39109c3c=\"\">S<\/td>\n<td class=\"\" tabindex=\"0\" aria-label=\"Contorno cintura :102\" data-v-39109c3c=\"\">102<\/td>\n<td class=\"\" tabindex=\"0\" aria-label=\"Hombro :60\" data-v-39109c3c=\"\">60<\/td>\n<td class=\"\" tabindex=\"0\" aria-label=\"Largo de la manga :13\" data-v-39109c3c=\"\">13<\/td>\n<td class=\"\" tabindex=\"0\" aria-label=\"Pecho :106\" data-v-39109c3c=\"\">106<\/td>\n<td class=\"col-highlight\" tabindex=\"0\" aria-label=\"pu\u00f1o :31\" data-v-39109c3c=\"\">31<\/td>\n<\/tr>\n<tr class=\"common-sizetable__table-tr\" data-v-39109c3c=\"\">\n<td tabindex=\"0\" aria-label=\"Talla:M\" data-v-39109c3c=\"\">M<\/td>\n<td tabindex=\"0\" aria-label=\"Contorno cintura :106\" data-v-39109c3c=\"\">106<\/td>\n<td class=\"\" tabindex=\"0\" aria-label=\"Hombro :62\" data-v-39109c3c=\"\">62<\/td>\n<td tabindex=\"0\" aria-label=\"Largo de la manga :13.5\" data-v-39109c3c=\"\">13.5<\/td>\n<td class=\"\" tabindex=\"0\" aria-label=\"Pecho :110\" data-v-39109c3c=\"\">110<\/td>\n<td class=\"col-highlight\" tabindex=\"0\" aria-label=\"pu\u00f1o :32.4\" data-v-39109c3c=\"\">32.4<\/td>\n<\/tr>\n<tr class=\"common-sizetable__table-tr\" data-v-39109c3c=\"\">\n<td tabindex=\"0\" aria-label=\"Talla:L\" data-v-39109c3c=\"\">L<\/td>\n<td tabindex=\"0\" aria-label=\"Contorno cintura :112\" data-v-39109c3c=\"\">112<\/td>\n<td tabindex=\"0\" aria-label=\"Hombro :65\" data-v-39109c3c=\"\">65<\/td>\n<td tabindex=\"0\" aria-label=\"Largo de la manga :14.2\" data-v-39109c3c=\"\">14.2<\/td>\n<td class=\"\" tabindex=\"0\" aria-label=\"Pecho :116\" data-v-39109c3c=\"\">116<\/td>\n<td class=\"col-highlight\" tabindex=\"0\" aria-label=\"pu\u00f1o :34.6\" data-v-39109c3c=\"\">34.6<\/td>\n<\/tr>\n<\/tbody>\n<\/table>\n<\/div>\n","protected":false},"excerpt":{"rendered":"<p>El vestido de cintura con cord\u00f3n presenta un dise\u00f1o vers\u00e1til y funcional, realzado por una cremallera delantera que a\u00f1ade un toque moderno y ajustable.<\/p>\n","protected":false},"featured_media":838,"comment_status":"open","ping_status":"closed","template":"","meta":[],"product_brand":[],"product_cat":[33,31],"product_tag":[],"class_list":{"0":"post-775","1":"product","2":"type-product","3":"status-publish","4":"has-post-thumbnail","6":"product_cat-vestido-largo","7":"product_cat-vestidos","9":"first","10":"instock","11":"sale","12":"shipping-taxable","13":"purchasable","14":"product-type-variable"},"aioseo_notices":[],"jetpack_sharing_enabled":true,"_links":{"self":[{"href":"https:\/\/tadushi.com\/index.php\/wp-json\/wp\/v2\/product\/775","targetHints":{"allow":["GET"]}}],"collection":[{"href":"https:\/\/tadushi.com\/index.php\/wp-json\/wp\/v2\/product"}],"about":[{"href":"https:\/\/tadushi.com\/index.php\/wp-json\/wp\/v2\/types\/product"}],"replies":[{"embeddable":true,"href":"https:\/\/tadushi.com\/index.php\/wp-json\/wp\/v2\/comments?post=775"}],"wp:featuredmedia":[{"embeddable":true,"href":"https:\/\/tadushi.com\/index.php\/wp-json\/wp\/v2\/media\/838"}],"wp:attachment":[{"href":"https:\/\/tadushi.com\/index.php\/wp-json\/wp\/v2\/media?parent=775"}],"wp:term":[{"taxonomy":"product_brand","embeddable":true,"href":"https:\/\/tadushi.com\/index.php\/wp-json\/wp\/v2\/product_brand?post=775"},{"taxonomy":"product_cat","embeddable":true,"href":"https:\/\/tadushi.com\/index.php\/wp-json\/wp\/v2\/product_cat?post=775"},{"taxonomy":"product_tag","embeddable":true,"href":"https:\/\/tadushi.com\/index.php\/wp-json\/wp\/v2\/product_tag?post=775"}],"curies":[{"name":"wp","href":"https:\/\/api.w.org\/{rel}","templated":true}]}}