{"id":781,"date":"2024-03-29T14:34:23","date_gmt":"2024-03-29T19:34:23","guid":{"rendered":"https:\/\/tadushi.com\/?post_type=product&#038;p=781"},"modified":"2024-09-12T15:26:25","modified_gmt":"2024-09-12T20:26:25","slug":"conjunto-con-estampado-floral-con-cordon-delantero-top-bandeau-shorts","status":"publish","type":"product","link":"https:\/\/tadushi.com\/index.php\/producto\/conjunto-con-estampado-floral-con-cordon-delantero-top-bandeau-shorts\/","title":{"rendered":"Conjunto con estampado floral con cord\u00f3n delantero Top bandeau &#038; Shorts"},"content":{"rendered":"<div class=\"product-intro__description-table-item\" tabindex=\"0\" role=\"text\">\n<div class=\"key\">Color: Granate<\/div>\n<div class=\"key\">Estilo: Bohemio<\/div>\n<div class=\"key\">Tipo de Estampado: Floral, todo estampado<\/div>\n<div class=\"key\">Tops Longitud de la Manga: sin mangas<\/div>\n<div class=\"key\">Detalles: Lazo delantero<\/div>\n<div class=\"key\">Escote: Sin tirantes<\/div>\n<div class=\"key\">Pantal\u00f3n Longitud: Shorts Mini<\/div>\n<div class=\"key\">Tops Longitud: Crop<\/div>\n<div class=\"key\">Pantal\u00f3n &amp; Tops Material: Tela tricotada<\/div>\n<div class=\"key\">Tipo de top: Sujetador Bandeau<\/div>\n<div class=\"key\">Pantal\u00f3n &amp; Tops Composici\u00f3n: 95% Poli\u00e9ster, 5% Elastano<\/div>\n<div class=\"key\">Tipo de Bottom: Shorts<\/div>\n<div class=\"key\">Tipo de ajuste: Regular<\/div>\n<div class=\"key\">Tejido: No-El\u00e1stico<\/div>\n<div class=\"key\">Instrucciones de Cuidado: lavadora o limpieza en seco profesional<\/div>\n<div class=\"key\">Transparente: Semitransparente<\/div>\n<div><\/div>\n<\/div>\n<div>\n<table class=\"j-cm-table\" cellspacing=\"0\" cellpadding=\"0\" data-v-39109c3c=\"\">\n<tbody>\n<tr class=\"cm-inch common-sizetable__table-tr trhead\" data-v-39109c3c=\"\">\n<td data-v-39109c3c=\"\">Talla<\/td>\n<td class=\"\" data-v-39109c3c=\"\">Contorno caderas<\/td>\n<td class=\"\" data-v-39109c3c=\"\">Contorno cintura<\/td>\n<td class=\"\" data-v-39109c3c=\"\">Entrepierna<\/td>\n<td class=\"\" data-v-39109c3c=\"\">Largo<\/td>\n<td class=\"col-highlight\" data-v-39109c3c=\"\">Muslo<\/td>\n<\/tr>\n<tr class=\"common-sizetable__table-tr\" data-v-39109c3c=\"\">\n<td tabindex=\"0\" aria-label=\"Talla:XS\" data-v-39109c3c=\"\">XS<\/td>\n<td class=\"\" tabindex=\"0\" aria-label=\"Contorno caderas :105.00\" data-v-39109c3c=\"\">105.00<\/td>\n<td class=\"\" tabindex=\"0\" aria-label=\"Contorno cintura :63.00-94.00\" data-v-39109c3c=\"\">63.00-94.00<\/td>\n<td class=\"\" tabindex=\"0\" aria-label=\"Entrepierna :4.50\" data-v-39109c3c=\"\">4.50<\/td>\n<td class=\"\" tabindex=\"0\" aria-label=\"Largo :32.60\" data-v-39109c3c=\"\">32.60<\/td>\n<td class=\"col-highlight\" tabindex=\"0\" aria-label=\"Muslo :69.60\" data-v-39109c3c=\"\">69.60<\/td>\n<\/tr>\n<tr class=\"common-sizetable__table-tr\" data-v-39109c3c=\"\">\n<td tabindex=\"0\" aria-label=\"Talla:S\" data-v-39109c3c=\"\">S<\/td>\n<td class=\"\" tabindex=\"0\" aria-label=\"Contorno caderas :109\" data-v-39109c3c=\"\">109<\/td>\n<td tabindex=\"0\" aria-label=\"Contorno cintura :66-98\" data-v-39109c3c=\"\">66-98<\/td>\n<td tabindex=\"0\" aria-label=\"Entrepierna :4.5\" data-v-39109c3c=\"\">4.5<\/td>\n<td tabindex=\"0\" aria-label=\"Largo :33\" data-v-39109c3c=\"\">33<\/td>\n<td class=\"col-highlight\" tabindex=\"0\" aria-label=\"Muslo :72\" data-v-39109c3c=\"\">72<\/td>\n<\/tr>\n<tr class=\"common-sizetable__table-tr\" data-v-39109c3c=\"\">\n<td tabindex=\"0\" aria-label=\"Talla:M\" data-v-39109c3c=\"\">M<\/td>\n<td class=\"\" tabindex=\"0\" aria-label=\"Contorno caderas :113.00\" data-v-39109c3c=\"\">113.00<\/td>\n<td tabindex=\"0\" aria-label=\"Contorno cintura :69.00-102.00\" data-v-39109c3c=\"\">69.00-102.00<\/td>\n<td tabindex=\"0\" aria-label=\"Entrepierna :4.50\" data-v-39109c3c=\"\">4.50<\/td>\n<td tabindex=\"0\" aria-label=\"Largo :33.40\" data-v-39109c3c=\"\">33.40<\/td>\n<td class=\"col-highlight\" tabindex=\"0\" aria-label=\"Muslo :74.40\" data-v-39109c3c=\"\">74.40<\/td>\n<\/tr>\n<tr class=\"common-sizetable__table-tr\" data-v-39109c3c=\"\">\n<td tabindex=\"0\" aria-label=\"Talla:L\" data-v-39109c3c=\"\">L<\/td>\n<td class=\"\" tabindex=\"0\" aria-label=\"Contorno caderas :119.00\" data-v-39109c3c=\"\">119.00<\/td>\n<td tabindex=\"0\" aria-label=\"Contorno cintura :74.00-108.00\" data-v-39109c3c=\"\">74.00-108.00<\/td>\n<td tabindex=\"0\" aria-label=\"Entrepierna :4.50\" data-v-39109c3c=\"\">4.50<\/td>\n<td tabindex=\"0\" aria-label=\"Largo :34.00\" data-v-39109c3c=\"\">34.00<\/td>\n<td class=\"col-highlight\" tabindex=\"0\" aria-label=\"Muslo :78.20\" data-v-39109c3c=\"\">78.20<\/td>\n<\/tr>\n<tr class=\"common-sizetable__table-tr\" data-v-39109c3c=\"\">\n<td tabindex=\"0\" aria-label=\"Talla:XL\" data-v-39109c3c=\"\">XL<\/td>\n<td tabindex=\"0\" aria-label=\"Contorno caderas :125.00\" data-v-39109c3c=\"\">125.00<\/td>\n<td tabindex=\"0\" aria-label=\"Contorno cintura :79.00-114.00\" data-v-39109c3c=\"\">79.00-114.00<\/td>\n<td tabindex=\"0\" aria-label=\"Entrepierna :4.50\" data-v-39109c3c=\"\">4.50<\/td>\n<td tabindex=\"0\" aria-label=\"Largo :34.60\" data-v-39109c3c=\"\">34.60<\/td>\n<td class=\"col-highlight\" tabindex=\"0\" aria-label=\"Muslo :82.00\" data-v-39109c3c=\"\">82.00<\/td>\n<\/tr>\n<\/tbody>\n<\/table>\n<\/div>\n","protected":false},"excerpt":{"rendered":"<p>\u00a1Frescura floral! Conjunto top bandeau y shorts con estampado floral y cord\u00f3n delantero. Perfecto para un look veraniego encantador.<\/p>\n","protected":false},"featured_media":876,"comment_status":"open","ping_status":"closed","template":"","meta":[],"product_brand":[],"product_cat":[44,45],"product_tag":[],"class_list":{"0":"post-781","1":"product","2":"type-product","3":"status-publish","4":"has-post-thumbnail","6":"product_cat-conjuntos","7":"product_cat-conjuntos-estampados","9":"first","10":"instock","11":"sale","12":"shipping-taxable","13":"purchasable","14":"product-type-variable"},"aioseo_notices":[],"jetpack_sharing_enabled":true,"_links":{"self":[{"href":"https:\/\/tadushi.com\/index.php\/wp-json\/wp\/v2\/product\/781","targetHints":{"allow":["GET"]}}],"collection":[{"href":"https:\/\/tadushi.com\/index.php\/wp-json\/wp\/v2\/product"}],"about":[{"href":"https:\/\/tadushi.com\/index.php\/wp-json\/wp\/v2\/types\/product"}],"replies":[{"embeddable":true,"href":"https:\/\/tadushi.com\/index.php\/wp-json\/wp\/v2\/comments?post=781"}],"wp:featuredmedia":[{"embeddable":true,"href":"https:\/\/tadushi.com\/index.php\/wp-json\/wp\/v2\/media\/876"}],"wp:attachment":[{"href":"https:\/\/tadushi.com\/index.php\/wp-json\/wp\/v2\/media?parent=781"}],"wp:term":[{"taxonomy":"product_brand","embeddable":true,"href":"https:\/\/tadushi.com\/index.php\/wp-json\/wp\/v2\/product_brand?post=781"},{"taxonomy":"product_cat","embeddable":true,"href":"https:\/\/tadushi.com\/index.php\/wp-json\/wp\/v2\/product_cat?post=781"},{"taxonomy":"product_tag","embeddable":true,"href":"https:\/\/tadushi.com\/index.php\/wp-json\/wp\/v2\/product_tag?post=781"}],"curies":[{"name":"wp","href":"https:\/\/api.w.org\/{rel}","templated":true}]}}