{"id":787,"date":"2024-03-29T14:39:53","date_gmt":"2024-03-29T19:39:53","guid":{"rendered":"https:\/\/tadushi.com\/?post_type=product&#038;p=787"},"modified":"2024-04-28T15:22:34","modified_gmt":"2024-04-28T20:22:34","slug":"vestido-de-tirantes-sin-cinturon","status":"publish","type":"product","link":"https:\/\/tadushi.com\/index.php\/producto\/vestido-de-tirantes-sin-cinturon\/","title":{"rendered":"Vestido de tirantes sin cintur\u00f3n"},"content":{"rendered":"<div class=\"product-intro__description-table-item\" tabindex=\"0\" role=\"text\">\n<div class=\"key\">Color: Multicolor<\/div>\n<div class=\"key\">Estilo: Bohemio<\/div>\n<div class=\"key\">Tipo de Estampado: todo estampado<\/div>\n<div class=\"key\">Escote: Tirantes finos<\/div>\n<div class=\"key\">Longitud de la Manga: sin mangas<\/div>\n<div class=\"key\">Tipo: Tirantes<\/div>\n<div class=\"key\">L\u00ednea del Talle de la Cintura: Natural<\/div>\n<div class=\"key\">Corte del bajo: Recta<\/div>\n<div class=\"key\">Longitud: Corto<\/div>\n<div class=\"key\">Tipo de ajuste: Regular<\/div>\n<div class=\"key\">Tejido: No-El\u00e1stico<\/div>\n<div class=\"key\">Material: Tela<\/div>\n<div class=\"key\">Composici\u00f3n: 95% Poli\u00e9ster, 5% Elastano<\/div>\n<div class=\"key\">Instrucciones de Cuidado: lavadora o limpieza en seco profesional<\/div>\n<div class=\"key\">Cintur\u00f3n: No<\/div>\n<div class=\"key\">Transparente: No<\/div>\n<div><\/div>\n<\/div>\n<div>\n<table class=\"j-cm-table\" cellspacing=\"0\" cellpadding=\"0\" data-v-39109c3c=\"\">\n<tbody>\n<tr class=\"cm-inch common-sizetable__table-tr trhead\" data-v-39109c3c=\"\">\n<td data-v-39109c3c=\"\">Talla<\/td>\n<td class=\"\" data-v-39109c3c=\"\">Contorno caderas<\/td>\n<td class=\"\" data-v-39109c3c=\"\">Contorno cintura<\/td>\n<td class=\"\" data-v-39109c3c=\"\">Hombro<\/td>\n<td class=\"\" data-v-39109c3c=\"\">Largo<\/td>\n<td data-v-39109c3c=\"\">Largo de los tirantes<\/td>\n<td class=\"col-highlight\" data-v-39109c3c=\"\">Pecho<\/td>\n<\/tr>\n<tr class=\"common-sizetable__table-tr\" data-v-39109c3c=\"\">\n<td tabindex=\"0\" aria-label=\"Talla:XS\" data-v-39109c3c=\"\">XS<\/td>\n<td tabindex=\"0\" aria-label=\"Contorno caderas :106\" data-v-39109c3c=\"\">106<\/td>\n<td tabindex=\"0\" aria-label=\"Contorno cintura :91\" data-v-39109c3c=\"\">91<\/td>\n<td tabindex=\"0\" aria-label=\"Hombro :35\" data-v-39109c3c=\"\">35<\/td>\n<td tabindex=\"0\" aria-label=\"Largo :83.5\" data-v-39109c3c=\"\">83.5<\/td>\n<td tabindex=\"0\" aria-label=\"Largo de los tirantes :19.5\" data-v-39109c3c=\"\">19.5<\/td>\n<td class=\"col-highlight\" tabindex=\"0\" aria-label=\"Pecho :86\" data-v-39109c3c=\"\">86<\/td>\n<\/tr>\n<tr class=\"common-sizetable__table-tr\" data-v-39109c3c=\"\">\n<td tabindex=\"0\" aria-label=\"Talla:S\" data-v-39109c3c=\"\">S<\/td>\n<td tabindex=\"0\" aria-label=\"Contorno caderas :110\" data-v-39109c3c=\"\">110<\/td>\n<td tabindex=\"0\" aria-label=\"Contorno cintura :95\" data-v-39109c3c=\"\">95<\/td>\n<td tabindex=\"0\" aria-label=\"Hombro :36\" data-v-39109c3c=\"\">36<\/td>\n<td tabindex=\"0\" aria-label=\"Largo :85\" data-v-39109c3c=\"\">85<\/td>\n<td tabindex=\"0\" aria-label=\"Largo de los tirantes :20\" data-v-39109c3c=\"\">20<\/td>\n<td class=\"col-highlight\" tabindex=\"0\" aria-label=\"Pecho :90\" data-v-39109c3c=\"\">90<\/td>\n<\/tr>\n<tr class=\"common-sizetable__table-tr\" data-v-39109c3c=\"\">\n<td tabindex=\"0\" aria-label=\"Talla:M\" data-v-39109c3c=\"\">M<\/td>\n<td tabindex=\"0\" aria-label=\"Contorno caderas :114\" data-v-39109c3c=\"\">114<\/td>\n<td tabindex=\"0\" aria-label=\"Contorno cintura :99\" data-v-39109c3c=\"\">99<\/td>\n<td tabindex=\"0\" aria-label=\"Hombro :37\" data-v-39109c3c=\"\">37<\/td>\n<td tabindex=\"0\" aria-label=\"Largo :86.5\" data-v-39109c3c=\"\">86.5<\/td>\n<td tabindex=\"0\" aria-label=\"Largo de los tirantes :20.5\" data-v-39109c3c=\"\">20.5<\/td>\n<td class=\"col-highlight\" tabindex=\"0\" aria-label=\"Pecho :94\" data-v-39109c3c=\"\">94<\/td>\n<\/tr>\n<tr class=\"common-sizetable__table-tr\" data-v-39109c3c=\"\">\n<td tabindex=\"0\" aria-label=\"Talla:L\" data-v-39109c3c=\"\">L<\/td>\n<td tabindex=\"0\" aria-label=\"Contorno caderas :120\" data-v-39109c3c=\"\">120<\/td>\n<td tabindex=\"0\" aria-label=\"Contorno cintura :105\" data-v-39109c3c=\"\">105<\/td>\n<td tabindex=\"0\" aria-label=\"Hombro :38.5\" data-v-39109c3c=\"\">38.5<\/td>\n<td tabindex=\"0\" aria-label=\"Largo :88.7\" data-v-39109c3c=\"\">88.7<\/td>\n<td tabindex=\"0\" aria-label=\"Largo de los tirantes :21.2\" data-v-39109c3c=\"\">21.2<\/td>\n<td class=\"col-highlight\" tabindex=\"0\" aria-label=\"Pecho :100\" data-v-39109c3c=\"\">100<\/td>\n<\/tr>\n<tr class=\"common-sizetable__table-tr\" data-v-39109c3c=\"\">\n<td tabindex=\"0\" aria-label=\"Talla:XL\" data-v-39109c3c=\"\">XL<\/td>\n<td tabindex=\"0\" aria-label=\"Contorno caderas :126\" data-v-39109c3c=\"\">126<\/td>\n<td tabindex=\"0\" aria-label=\"Contorno cintura :111\" data-v-39109c3c=\"\">111<\/td>\n<td tabindex=\"0\" aria-label=\"Hombro :40\" data-v-39109c3c=\"\">40<\/td>\n<td tabindex=\"0\" aria-label=\"Largo :90.9\" data-v-39109c3c=\"\">90.9<\/td>\n<td tabindex=\"0\" aria-label=\"Largo de los tirantes :21.9\" data-v-39109c3c=\"\">21.9<\/td>\n<td class=\"col-highlight\" tabindex=\"0\" aria-label=\"Pecho :106\" data-v-39109c3c=\"\">106<\/td>\n<\/tr>\n<\/tbody>\n<\/table>\n<\/div>\n","protected":false},"excerpt":{"rendered":"<p>Vestido sin cintur\u00f3n de tirantes. Elegante y vers\u00e1til para cualquier ocasi\u00f3n.<\/p>\n","protected":false},"featured_media":905,"comment_status":"open","ping_status":"closed","template":"","meta":[],"product_brand":[],"product_cat":[31,40,34],"product_tag":[],"class_list":{"0":"post-787","1":"product","2":"type-product","3":"status-publish","4":"has-post-thumbnail","6":"product_cat-vestidos","7":"product_cat-vestidos-con-estampados","8":"product_cat-vestidos-sin-manga","10":"first","11":"instock","12":"sale","13":"shipping-taxable","14":"purchasable","15":"product-type-variable"},"aioseo_notices":[],"jetpack_sharing_enabled":true,"_links":{"self":[{"href":"https:\/\/tadushi.com\/index.php\/wp-json\/wp\/v2\/product\/787","targetHints":{"allow":["GET"]}}],"collection":[{"href":"https:\/\/tadushi.com\/index.php\/wp-json\/wp\/v2\/product"}],"about":[{"href":"https:\/\/tadushi.com\/index.php\/wp-json\/wp\/v2\/types\/product"}],"replies":[{"embeddable":true,"href":"https:\/\/tadushi.com\/index.php\/wp-json\/wp\/v2\/comments?post=787"}],"wp:featuredmedia":[{"embeddable":true,"href":"https:\/\/tadushi.com\/index.php\/wp-json\/wp\/v2\/media\/905"}],"wp:attachment":[{"href":"https:\/\/tadushi.com\/index.php\/wp-json\/wp\/v2\/media?parent=787"}],"wp:term":[{"taxonomy":"product_brand","embeddable":true,"href":"https:\/\/tadushi.com\/index.php\/wp-json\/wp\/v2\/product_brand?post=787"},{"taxonomy":"product_cat","embeddable":true,"href":"https:\/\/tadushi.com\/index.php\/wp-json\/wp\/v2\/product_cat?post=787"},{"taxonomy":"product_tag","embeddable":true,"href":"https:\/\/tadushi.com\/index.php\/wp-json\/wp\/v2\/product_tag?post=787"}],"curies":[{"name":"wp","href":"https:\/\/api.w.org\/{rel}","templated":true}]}}